{"id":76,"date":"2017-05-06T07:56:00","date_gmt":"2017-05-06T07:56:00","guid":{"rendered":"http:\/\/schmahl-vellmar.de\/?page_id=76"},"modified":"2018-07-13T05:26:25","modified_gmt":"2018-07-13T05:26:25","slug":"kontakt","status":"publish","type":"page","link":"https:\/\/schmahl-vellmar.de\/?page_id=76","title":{"rendered":"KONTAKT"},"content":{"rendered":"<p><strong>Ich bin f\u00fcr Sie da!<\/strong><\/p>\n<p><img loading=\"lazy\" decoding=\"async\" class=\"alignnone wp-image-46 size-full\" src=\"http:\/\/schmahl-vellmar.de\/wp-content\/uploads\/2017\/05\/Fotolia_50934135_XS.jpg\" alt=\"\" width=\"410\" height=\"293\" srcset=\"https:\/\/schmahl-vellmar.de\/wp-content\/uploads\/2017\/05\/Fotolia_50934135_XS.jpg 410w, https:\/\/schmahl-vellmar.de\/wp-content\/uploads\/2017\/05\/Fotolia_50934135_XS-300x214.jpg 300w\" sizes=\"auto, (max-width: 410px) 100vw, 410px\" \/><\/p>\n<p>Wenn Sie Fragen oder Probleme haben, k\u00f6nnen Sie nat\u00fcrlich \u00fcber meine Service-Hotline jederzeit mit mir in Kontakt treten. Ich helfen Ihnen gerne weiter. Telefon 0561 \/ 47 55 327 oder Fax 0561 \/ 47 55 328.<\/p>\n<p><a href=\"https:\/\/www.google.de\/maps\/@51.3603446,9.4479434,15z?hl=de\" target=\"_blank\" rel=\"noopener noreferrer\">Karte \u00fcber Google-Maps \u00f6ffnen<\/a><\/p>\n<p>Sie vermissen noch etwas Wichtiges auf meinen Seiten? Oder haben einen n\u00fctzlichen Hinweis f\u00fcr mich? F\u00fcr Kritik und Anregungen bin ich\u00a0 jederzeit dankbar, da ich gro\u00dfen Wert auf Benutzerfreundlichkeit und Qualit\u00e4t lege! Schicken Sie uns einfach ein E-Mail !, daf\u00fcr bedanke ich mich schon im Voraus.<\/p>\n<p>Buero[at]Schmahl-Vellmar.de<\/p>\n<p>Ich freue mich von Ihnen zu h\u00f6ren.<\/p>\n","protected":false},"excerpt":{"rendered":"<p>Ich bin f\u00fcr Sie da! Wenn Sie Fragen oder Probleme haben, k\u00f6nnen Sie nat\u00fcrlich \u00fcber meine Service-Hotline jederzeit mit mir in Kontakt treten. Ich helfen Ihnen gerne weiter. Telefon 0561 \/ 47 55 327 oder Fax 0561 \/ 47 55 328. Karte \u00fcber Google-Maps \u00f6ffnen Sie vermissen noch etwas Wichtiges auf meinen Seiten? Oder haben &hellip; <\/p>\n<p class=\"link-more\"><a href=\"https:\/\/schmahl-vellmar.de\/?page_id=76\" class=\"more-link\"><span class=\"screen-reader-text\">\u201eKONTAKT\u201c <\/span>weiterlesen<\/a><\/p>\n","protected":false},"author":1,"featured_media":0,"parent":0,"menu_order":0,"comment_status":"closed","ping_status":"closed","template":"","meta":{"footnotes":""},"class_list":["post-76","page","type-page","status-publish","hentry"],"_links":{"self":[{"href":"https:\/\/schmahl-vellmar.de\/index.php?rest_route=\/wp\/v2\/pages\/76","targetHints":{"allow":["GET"]}}],"collection":[{"href":"https:\/\/schmahl-vellmar.de\/index.php?rest_route=\/wp\/v2\/pages"}],"about":[{"href":"https:\/\/schmahl-vellmar.de\/index.php?rest_route=\/wp\/v2\/types\/page"}],"author":[{"embeddable":true,"href":"https:\/\/schmahl-vellmar.de\/index.php?rest_route=\/wp\/v2\/users\/1"}],"replies":[{"embeddable":true,"href":"https:\/\/schmahl-vellmar.de\/index.php?rest_route=%2Fwp%2Fv2%2Fcomments&post=76"}],"version-history":[{"count":5,"href":"https:\/\/schmahl-vellmar.de\/index.php?rest_route=\/wp\/v2\/pages\/76\/revisions"}],"predecessor-version":[{"id":223,"href":"https:\/\/schmahl-vellmar.de\/index.php?rest_route=\/wp\/v2\/pages\/76\/revisions\/223"}],"wp:attachment":[{"href":"https:\/\/schmahl-vellmar.de\/index.php?rest_route=%2Fwp%2Fv2%2Fmedia&parent=76"}],"curies":[{"name":"wp","href":"https:\/\/api.w.org\/{rel}","templated":true}]}}