{"id":38,"date":"2017-05-06T07:10:46","date_gmt":"2017-05-06T07:10:46","guid":{"rendered":"http:\/\/schmahl-vellmar.de\/?page_id=38"},"modified":"2025-03-14T12:52:31","modified_gmt":"2025-03-14T11:52:31","slug":"begutachtung-und-audits","status":"publish","type":"page","link":"https:\/\/schmahl-vellmar.de\/?page_id=38","title":{"rendered":"BEGUTACHTUNG UND AUDITS"},"content":{"rendered":"<ul>\n<li>\n<div><span class=\"ms-rteFontFace-1 ms-rteFontSize-3\">Bestellter Fachbegutachter der <a href=\"http:\/\/www.dakks.de\" target=\"_blank\" rel=\"noopener\">DAkkS (Deutsche Akkreditierungsstelle GmbH)<\/a> f\u00fcr dimensionelle Messgr\u00f6\u00dfen\u00a0und Koordinatenmesstechnik im Rahmen der Akkreditierung nach DIN EN ISO\/IEC 17025\u00a0f\u00fcr Pr\u00fcf.- und Kalibrierlaboratorien (third party audit).<\/span><\/div>\n<\/li>\n<\/ul>\n<figure id=\"attachment_42\" aria-describedby=\"caption-attachment-42\" style=\"width: 285px\" class=\"wp-caption alignnone\"><img loading=\"lazy\" decoding=\"async\" class=\"size-full wp-image-42\" src=\"http:\/\/schmahl-vellmar.de\/wp-content\/uploads\/2017\/05\/Fotolia_46033305_XS.jpg\" alt=\"\" width=\"285\" height=\"421\" srcset=\"https:\/\/schmahl-vellmar.de\/wp-content\/uploads\/2017\/05\/Fotolia_46033305_XS.jpg 285w, https:\/\/schmahl-vellmar.de\/wp-content\/uploads\/2017\/05\/Fotolia_46033305_XS-203x300.jpg 203w\" sizes=\"auto, (max-width: 285px) 100vw, 285px\" \/><figcaption id=\"caption-attachment-42\" class=\"wp-caption-text\">3-D-Koordinatenmessung<br \/>3-D-coordinate-measuring<\/figcaption><\/figure>\n<ul>\n<li>\n<div><span class=\"ms-rteFontFace-1 ms-rteFontSize-3\">Durchf\u00fchrung interner Audits nach DIN EN ISO\/IEC 17025 (first party audit).<\/span><\/div>\n<\/li>\n<li>\n<div><span class=\"ms-rteFontFace-1 ms-rteFontSize-3\">Durchf\u00fchrung von internen Audits nach DIN EN ISO 9001 (first party audit).<\/span><\/div>\n<\/li>\n<li>\n<div><span class=\"ms-rteFontFace-1 ms-rteFontSize-3\">Qualit\u00e4tsmanagement Lead-Auditor der T\u00dcV S\u00dcD Management Service GmbH nach den\u00a0 Anforderungen\u00a0der DIN EN ISO\/IEC 17021 an Third-Party Auditoren und der DIN EN ISO 19011 entsprechend den\u00a0Anforderungen an die Auditorenschulung und f\u00fcr die Durchf\u00fchrung von Audits entsprechend der DIN EN ISO 9001. Mit Zulassung f\u00fcr die Scope EA 17.2\/18\/19\/29.1\/34.2 und EA 35.<\/span><\/div>\n<div><\/div>\n<\/li>\n<\/ul>\n<p><img loading=\"lazy\" decoding=\"async\" class=\"alignnone size-full wp-image-40\" src=\"http:\/\/schmahl-vellmar.de\/wp-content\/uploads\/2017\/05\/Fotolia_36616140_XS.jpg\" alt=\"\" width=\"424\" height=\"283\" srcset=\"https:\/\/schmahl-vellmar.de\/wp-content\/uploads\/2017\/05\/Fotolia_36616140_XS.jpg 424w, https:\/\/schmahl-vellmar.de\/wp-content\/uploads\/2017\/05\/Fotolia_36616140_XS-300x200.jpg 300w\" sizes=\"auto, (max-width: 424px) 100vw, 424px\" \/><\/p>\n<p><a href=\"http:\/\/www.tuev-sued.de\/management-systeme\/iso-9001\" target=\"_blank\" rel=\"noopener noreferrer\">Kooperationspartner der T\u00dcV S\u00dcD Management Service GmbH<\/a><\/p>\n","protected":false},"excerpt":{"rendered":"<p>Bestellter Fachbegutachter der DAkkS (Deutsche Akkreditierungsstelle GmbH) f\u00fcr dimensionelle Messgr\u00f6\u00dfen\u00a0und Koordinatenmesstechnik im Rahmen der Akkreditierung nach DIN EN ISO\/IEC 17025\u00a0f\u00fcr Pr\u00fcf.- und Kalibrierlaboratorien (third party audit). Durchf\u00fchrung interner Audits nach DIN EN ISO\/IEC 17025 (first party audit). Durchf\u00fchrung von internen Audits nach DIN EN ISO 9001 (first party audit). Qualit\u00e4tsmanagement Lead-Auditor der T\u00dcV S\u00dcD Management &hellip; <\/p>\n<p class=\"link-more\"><a href=\"https:\/\/schmahl-vellmar.de\/?page_id=38\" class=\"more-link\"><span class=\"screen-reader-text\">\u201eBEGUTACHTUNG UND AUDITS\u201c <\/span>weiterlesen<\/a><\/p>\n","protected":false},"author":1,"featured_media":47,"parent":0,"menu_order":0,"comment_status":"closed","ping_status":"closed","template":"","meta":{"footnotes":""},"class_list":["post-38","page","type-page","status-publish","has-post-thumbnail","hentry"],"_links":{"self":[{"href":"https:\/\/schmahl-vellmar.de\/index.php?rest_route=\/wp\/v2\/pages\/38","targetHints":{"allow":["GET"]}}],"collection":[{"href":"https:\/\/schmahl-vellmar.de\/index.php?rest_route=\/wp\/v2\/pages"}],"about":[{"href":"https:\/\/schmahl-vellmar.de\/index.php?rest_route=\/wp\/v2\/types\/page"}],"author":[{"embeddable":true,"href":"https:\/\/schmahl-vellmar.de\/index.php?rest_route=\/wp\/v2\/users\/1"}],"replies":[{"embeddable":true,"href":"https:\/\/schmahl-vellmar.de\/index.php?rest_route=%2Fwp%2Fv2%2Fcomments&post=38"}],"version-history":[{"count":8,"href":"https:\/\/schmahl-vellmar.de\/index.php?rest_route=\/wp\/v2\/pages\/38\/revisions"}],"predecessor-version":[{"id":260,"href":"https:\/\/schmahl-vellmar.de\/index.php?rest_route=\/wp\/v2\/pages\/38\/revisions\/260"}],"wp:featuredmedia":[{"embeddable":true,"href":"https:\/\/schmahl-vellmar.de\/index.php?rest_route=\/wp\/v2\/media\/47"}],"wp:attachment":[{"href":"https:\/\/schmahl-vellmar.de\/index.php?rest_route=%2Fwp%2Fv2%2Fmedia&parent=38"}],"curies":[{"name":"wp","href":"https:\/\/api.w.org\/{rel}","templated":true}]}}