{"id":31,"date":"2017-05-06T07:03:51","date_gmt":"2017-05-06T07:03:51","guid":{"rendered":"http:\/\/schmahl-vellmar.de\/?page_id=31"},"modified":"2021-10-25T17:26:47","modified_gmt":"2021-10-25T17:26:47","slug":"schulung","status":"publish","type":"page","link":"https:\/\/schmahl-vellmar.de\/?page_id=31","title":{"rendered":"SCHULUNG"},"content":{"rendered":"<ul>\n<li>\n<div><span class=\"ms-rteFontFace-1 ms-rteFontSize-3\">Seminar Grundlagen des Pr\u00fcfmittelmanagement.<\/span><\/div>\n<\/li>\n<li>\n<div><span class=\"ms-rteFontFace-1 ms-rteFontSize-3\">Seminar Grundlagen der Fertigungsmesstechnik.<\/span><\/div>\n<\/li>\n<li><span class=\"ms-rteFontFace-1 ms-rteFontSize-3\">Seminar F\u00e4higkeiten von Messsystemen.<br \/>\n<\/span><\/li>\n<li>\n<div><span class=\"ms-rteFontFace-1 ms-rteFontSize-3\">Lehrgang zum internen Pr\u00fcfmittelbeauftragten.<\/span><\/div>\n<\/li>\n<\/ul>\n<p><img loading=\"lazy\" decoding=\"async\" class=\"alignnone size-full wp-image-32\" src=\"http:\/\/schmahl-vellmar.de\/wp-content\/uploads\/2017\/05\/Fotolia_75543917_XS.jpg\" alt=\"\" width=\"417\" height=\"287\" srcset=\"https:\/\/schmahl-vellmar.de\/wp-content\/uploads\/2017\/05\/Fotolia_75543917_XS.jpg 417w, https:\/\/schmahl-vellmar.de\/wp-content\/uploads\/2017\/05\/Fotolia_75543917_XS-300x206.jpg 300w\" sizes=\"auto, (max-width: 417px) 100vw, 417px\" \/><\/p>\n<ul>\n<li>\n<div><span class=\"ms-rteFontFace-1 ms-rteFontSize-3\">Lehrgang Kalibrierung mechanischer Pr\u00fcfmittel &#8211; Umsetzung in der Praxis in Kooperation mit der PMK-GmbH.<\/span><\/div>\n<\/li>\n<li><span class=\"ms-rteFontFace-1 ms-rteFontSize-3\">Tutor f\u00fcr die QM-Schule Dipl.-Ing. Thomas Cloodt im Bereich Pr\u00fcfmittelmanagement als QMS Qualit\u00e4tsManagement Seminar Pr\u00fcfmittelbeauftragter.<\/span><\/li>\n<\/ul>\n<p><img loading=\"lazy\" decoding=\"async\" class=\"alignnone size-full wp-image-44\" src=\"http:\/\/schmahl-vellmar.de\/wp-content\/uploads\/2017\/05\/Fotolia_49272523_XS.jpg\" alt=\"\" width=\"424\" height=\"283\" srcset=\"https:\/\/schmahl-vellmar.de\/wp-content\/uploads\/2017\/05\/Fotolia_49272523_XS.jpg 424w, https:\/\/schmahl-vellmar.de\/wp-content\/uploads\/2017\/05\/Fotolia_49272523_XS-300x200.jpg 300w\" sizes=\"auto, (max-width: 424px) 100vw, 424px\" \/><\/p>\n","protected":false},"excerpt":{"rendered":"<p>Seminar Grundlagen des Pr\u00fcfmittelmanagement. Seminar Grundlagen der Fertigungsmesstechnik. Seminar F\u00e4higkeiten von Messsystemen. Lehrgang zum internen Pr\u00fcfmittelbeauftragten. Lehrgang Kalibrierung mechanischer Pr\u00fcfmittel &#8211; Umsetzung in der Praxis in Kooperation mit der PMK-GmbH. Tutor f\u00fcr die QM-Schule Dipl.-Ing. Thomas Cloodt im Bereich Pr\u00fcfmittelmanagement als QMS Qualit\u00e4tsManagement Seminar Pr\u00fcfmittelbeauftragter.<\/p>\n","protected":false},"author":1,"featured_media":112,"parent":0,"menu_order":0,"comment_status":"closed","ping_status":"closed","template":"","meta":{"footnotes":""},"class_list":["post-31","page","type-page","status-publish","has-post-thumbnail","hentry"],"_links":{"self":[{"href":"https:\/\/schmahl-vellmar.de\/index.php?rest_route=\/wp\/v2\/pages\/31","targetHints":{"allow":["GET"]}}],"collection":[{"href":"https:\/\/schmahl-vellmar.de\/index.php?rest_route=\/wp\/v2\/pages"}],"about":[{"href":"https:\/\/schmahl-vellmar.de\/index.php?rest_route=\/wp\/v2\/types\/page"}],"author":[{"embeddable":true,"href":"https:\/\/schmahl-vellmar.de\/index.php?rest_route=\/wp\/v2\/users\/1"}],"replies":[{"embeddable":true,"href":"https:\/\/schmahl-vellmar.de\/index.php?rest_route=%2Fwp%2Fv2%2Fcomments&post=31"}],"version-history":[{"count":5,"href":"https:\/\/schmahl-vellmar.de\/index.php?rest_route=\/wp\/v2\/pages\/31\/revisions"}],"predecessor-version":[{"id":257,"href":"https:\/\/schmahl-vellmar.de\/index.php?rest_route=\/wp\/v2\/pages\/31\/revisions\/257"}],"wp:featuredmedia":[{"embeddable":true,"href":"https:\/\/schmahl-vellmar.de\/index.php?rest_route=\/wp\/v2\/media\/112"}],"wp:attachment":[{"href":"https:\/\/schmahl-vellmar.de\/index.php?rest_route=%2Fwp%2Fv2%2Fmedia&parent=31"}],"curies":[{"name":"wp","href":"https:\/\/api.w.org\/{rel}","templated":true}]}}